{"id":22,"date":"2020-11-14T18:20:49","date_gmt":"2020-11-14T17:20:49","guid":{"rendered":"http:\/\/animacirque.com\/?page_id=22"},"modified":"2021-01-09T12:06:23","modified_gmt":"2021-01-09T11:06:23","slug":"anniversaires","status":"publish","type":"page","link":"https:\/\/animacirque.com\/index.php\/anniversaires\/","title":{"rendered":"Anniversaires"},"content":{"rendered":"\n<h6 class=\"wp-block-heading\"><strong>Offrez un moment cr\u00e9atif inoubliable!<\/strong><\/h6>\n\n\n\n<h6 class=\"wp-block-heading\"><strong>Nous vous proposons un anniversaire avec pour th\u00e9matique : le cirque !<\/strong><\/h6>\n\n\n\n<h6 class=\"wp-block-heading\"><strong>mais cette fois ci&#8230; c&rsquo;est Vous les Artistes !<\/strong><\/h6>\n\n\n\n<h6 class=\"wp-block-heading\"><strong>Au programme :<\/strong><\/h6>\n\n\n\n<ul class=\"wp-block-list\"><li><strong>Jonglerie :<\/strong> balles, foulards, diabolo, b\u00e2ton de fleurs, assiettes chinoises, balles contact, massues, bolas.<\/li><li><strong>\u00c9quilibre :<\/strong> rola bola, p\u00e9dalo, slack line (si l&rsquo;infrastructure le permet) \u00e9chasses, plumes de paon.<\/li><li><strong>expression corporelle :<\/strong> jeux d&rsquo;acteur, clown, percussions corporelles, chant.<\/li><li><strong>Acrobatie <\/strong>: mouvements adapt\u00e9s \u00e0 travailler individuellement, et d\u00e9couverte des port\u00e9s acrobatiques.<\/li><li><strong>Des jeux ! <\/strong>: une palette de jeux coop\u00e9ratifs et d&rsquo;expression en musique&nbsp; qui encouragent essentiellement les participants \u00e0 l\u00e2cher prises et \u00e0 s&rsquo;entraider.<\/li><li><strong>A\u00e9rien<\/strong> : trap\u00e8ze, tissus (si le lieu le permet).<\/li><li><strong>D\u00e9couverte<\/strong> de divers instruments de musique originaux tel que l&rsquo;accord\u00e9on, la guimbarde, le didj\u00e9ridoo, le tang tang&#8230;<\/li><li><strong>En option :<\/strong> un moment de grimage, de la sculpture de ballons.<\/li><\/ul>\n\n\n\n<h6 class=\"wp-block-heading\"><strong>L&rsquo;animation se d\u00e9roule en deux temps:<\/strong><\/h6>\n\n\n\n<ul class=\"wp-block-list\"><li>Avant le go\u00fbter durant + ou- 1h30 nous proposons des jeux d&rsquo;expressions corporelles aux enfants, ainsi qu&rsquo;une d\u00e9couverte de diff\u00e9rentes disciplines de cirque.&nbsp;<\/li><li>Ensuite les parents de l&rsquo;enfant ayant son anniversaire prennent le relais en s&rsquo;occupant de l&rsquo;instant go\u00fbter, g\u00e2teau, pendant une petite demi heure, avec l&rsquo;aide ou pas de l&rsquo;animateur, \u00e0 d\u00e9finir.<\/li><\/ul>\n\n\n\n<h6 class=\"wp-block-heading\">Pour finir, nous invitons les enfants \u00e0 cr\u00e9er un petit num\u00e9ro avec leurs amis afin de faire un petit spectacle&nbsp; parfois devant les parents qui viennent chercher leurs enfants en fin d&rsquo;animation.<\/h6>\n\n\n\n<h6 class=\"wp-block-heading\">Il faut compter \u00e9galement le moment ou l&rsquo;enfant ouvre les cadeaux s&rsquo;il y en a.<\/h6>\n\n\n\n<h6 class=\"wp-block-heading\">G\u00e9n\u00e9ralement, l&rsquo;animation de l&rsquo;anniversaire dure environ trois heures.<\/h6>\n\n\n\n<p>Pour plus de renseignements n&rsquo;h\u00e9sitez pas \u00e0 nous contacter!<\/p>\n","protected":false},"excerpt":{"rendered":"<p>Offrez un moment cr\u00e9atif inoubliable! Nous vous proposons un anniversaire avec pour th\u00e9matique : le&#8230;<\/p>\n<div class=\"more-link-wrapper\"><a class=\"more-link\" href=\"https:\/\/animacirque.com\/index.php\/anniversaires\/\">Read the post<span class=\"screen-reader-text\">Anniversaires<\/span><\/a><\/div>\n","protected":false},"author":2,"featured_media":48,"parent":0,"menu_order":0,"comment_status":"closed","ping_status":"closed","template":"templates\/full-width.php","meta":{"footnotes":""},"class_list":["post-22","page","type-page","status-publish","has-post-thumbnail","hentry","excerpt","zoom","full-without-featured","even","excerpt-0"],"_links":{"self":[{"href":"https:\/\/animacirque.com\/index.php\/wp-json\/wp\/v2\/pages\/22","targetHints":{"allow":["GET"]}}],"collection":[{"href":"https:\/\/animacirque.com\/index.php\/wp-json\/wp\/v2\/pages"}],"about":[{"href":"https:\/\/animacirque.com\/index.php\/wp-json\/wp\/v2\/types\/page"}],"author":[{"embeddable":true,"href":"https:\/\/animacirque.com\/index.php\/wp-json\/wp\/v2\/users\/2"}],"replies":[{"embeddable":true,"href":"https:\/\/animacirque.com\/index.php\/wp-json\/wp\/v2\/comments?post=22"}],"version-history":[{"count":3,"href":"https:\/\/animacirque.com\/index.php\/wp-json\/wp\/v2\/pages\/22\/revisions"}],"predecessor-version":[{"id":73,"href":"https:\/\/animacirque.com\/index.php\/wp-json\/wp\/v2\/pages\/22\/revisions\/73"}],"wp:featuredmedia":[{"embeddable":true,"href":"https:\/\/animacirque.com\/index.php\/wp-json\/wp\/v2\/media\/48"}],"wp:attachment":[{"href":"https:\/\/animacirque.com\/index.php\/wp-json\/wp\/v2\/media?parent=22"}],"curies":[{"name":"wp","href":"https:\/\/api.w.org\/{rel}","templated":true}]}}