{"id":2,"date":"2020-11-14T16:14:18","date_gmt":"2020-11-14T15:14:18","guid":{"rendered":"http:\/\/animacirque.com\/?page_id=2"},"modified":"2024-05-23T13:18:46","modified_gmt":"2024-05-23T11:18:46","slug":"accueil","status":"publish","type":"page","link":"https:\/\/animacirque.com\/","title":{"rendered":"Accueil"},"content":{"rendered":"\n<h1 class=\"wp-block-heading has-vivid-red-color has-text-color\" style=\"font-size:40px\"><strong>Anima&rsquo;Cirque propose :<\/strong><\/h1>\n\n\n\n<p style=\"font-size:10px\"><\/p>\n\n\n\n<h1 class=\"wp-block-heading has-regular-font-size\"><strong>&#8211; Des Stages de Cirque, d&rsquo;expression corporelle, d&rsquo;\u00e9veil musical<\/strong><\/h1>\n\n\n\n<p style=\"font-size:10px\"><\/p>\n\n\n\n<h1 class=\"wp-block-heading has-regular-font-size\"><strong>&#8211; L&rsquo;animation de stands d\u00e9di\u00e9s \u00e0 l\u2019initiation aux arts du Cirque et \u00e0 l&rsquo;\u00e9veil musical lors d\u2019\u00e9v\u00e9nements divers et vari\u00e9s, festivals, f\u00eates de quartiers&#8230;<\/strong><\/h1>\n\n\n\n<p style=\"font-size:10px\"><\/p>\n\n\n\n<h1 class=\"wp-block-heading has-regular-font-size\"><strong>&#8211; Des animations d&rsquo;anniversaires sur le th\u00e8me du Cirque et de la musique.<\/strong><\/h1>\n\n\n\n<p style=\"font-size:10px\"><\/p>\n\n\n\n<h1 class=\"wp-block-heading has-regular-font-size\"><strong>&#8211; L&rsquo;organisation de team building<\/strong><\/h1>\n","protected":false},"excerpt":{"rendered":"<p>Anima&rsquo;Cirque propose : &#8211; Des Stages de Cirque, d&rsquo;expression corporelle, d&rsquo;\u00e9veil musical &#8211; L&rsquo;animation de&#8230;<\/p>\n<div class=\"more-link-wrapper\"><a class=\"more-link\" href=\"https:\/\/animacirque.com\/\">Read the post<span class=\"screen-reader-text\">Accueil<\/span><\/a><\/div>\n","protected":false},"author":2,"featured_media":263,"parent":0,"menu_order":0,"comment_status":"closed","ping_status":"closed","template":"templates\/full-width.php","meta":{"footnotes":""},"class_list":["post-2","page","type-page","status-publish","has-post-thumbnail","hentry","excerpt","zoom","full-without-featured","even","excerpt-0"],"_links":{"self":[{"href":"https:\/\/animacirque.com\/index.php\/wp-json\/wp\/v2\/pages\/2","targetHints":{"allow":["GET"]}}],"collection":[{"href":"https:\/\/animacirque.com\/index.php\/wp-json\/wp\/v2\/pages"}],"about":[{"href":"https:\/\/animacirque.com\/index.php\/wp-json\/wp\/v2\/types\/page"}],"author":[{"embeddable":true,"href":"https:\/\/animacirque.com\/index.php\/wp-json\/wp\/v2\/users\/2"}],"replies":[{"embeddable":true,"href":"https:\/\/animacirque.com\/index.php\/wp-json\/wp\/v2\/comments?post=2"}],"version-history":[{"count":14,"href":"https:\/\/animacirque.com\/index.php\/wp-json\/wp\/v2\/pages\/2\/revisions"}],"predecessor-version":[{"id":300,"href":"https:\/\/animacirque.com\/index.php\/wp-json\/wp\/v2\/pages\/2\/revisions\/300"}],"wp:featuredmedia":[{"embeddable":true,"href":"https:\/\/animacirque.com\/index.php\/wp-json\/wp\/v2\/media\/263"}],"wp:attachment":[{"href":"https:\/\/animacirque.com\/index.php\/wp-json\/wp\/v2\/media?parent=2"}],"curies":[{"name":"wp","href":"https:\/\/api.w.org\/{rel}","templated":true}]}}