{"id":18,"date":"2020-11-14T18:20:16","date_gmt":"2020-11-14T17:20:16","guid":{"rendered":"http:\/\/animacirque.com\/?page_id=18"},"modified":"2026-02-19T12:11:21","modified_gmt":"2026-02-19T11:11:21","slug":"stages","status":"publish","type":"page","link":"https:\/\/animacirque.com\/index.php\/stages\/","title":{"rendered":"Stages"},"content":{"rendered":"\n<h3 class=\"wp-block-heading\">Nous proposons diff\u00e9rentes formules de stages, afin de pouvoir s&rsquo;adapter aux mieux \u00e0 vos attentes.<\/h3>\n\n\n\n<p>&nbsp;Au programme :<\/p>\n\n\n\n<ul class=\"wp-block-list\">\n<li><strong>Jonglerie :<\/strong> balles, foulards, diabolo, b\u00e2ton de fleurs, assiettes chinoises, balles contact, massues, bolas.<\/li>\n\n\n\n<li><strong>\u00c9quilibre :<\/strong> rola bola, p\u00e9dalo, slack line (si l&rsquo;infrastructure le permet) \u00e9chasses, plumes de paon.<\/li>\n\n\n\n<li><strong>expression corporelle :<\/strong> jeux d&rsquo;acteur, clown, percussions corporelles, chant.<\/li>\n\n\n\n<li><strong>Acrobatie <\/strong>: mouvements adapt\u00e9s \u00e0 travailler individuellement, et d\u00e9couverte des port\u00e9s acrobatiques.<\/li>\n\n\n\n<li><strong>Des jeux ! <\/strong>: une palette de jeux coop\u00e9ratifs et d&rsquo;expression en musique\u00a0 qui encouragent essentiellement les participants \u00e0 l\u00e2cher prises et \u00e0 s&rsquo;entraider.<\/li>\n\n\n\n<li><strong>A\u00e9rien<\/strong> : trap\u00e8ze, tissus (si le lieu le permet).<\/li>\n\n\n\n<li><strong>D\u00e9couverte<\/strong> de divers instruments de musique originaux tel que l&rsquo;accord\u00e9on, la guimbarde, le didj\u00e9ridoo, le tang tang&#8230;<\/li>\n<\/ul>\n\n\n\n<p>La dur\u00e9e d&rsquo;un stage peut varier d&rsquo;une demi journ\u00e9e \u00e0 une semaine, avec un seul ou plusieurs groupes.<\/p>\n\n\n\n<p>Ceux ci peuvent se d\u00e9rouler :<\/p>\n\n\n\n<ul class=\"wp-block-list\">\n<li>Lors de classes vertes dans des g\u00eetes d\u2019accueil\u00a0 \u00a0 \u00a0 \u00a0 \u00a0 \u00a0 \u00a0 \u00a0 \u00a0 \u00a0 \u00a0 \u00a0 \u00a0 \u00a0 \u00a0 \u00a0 \u00a0 \u00a0 \u00a0 \u00a0 \u00a0 \u00a0 \u00a0 \u00a0 \u00a0 \u00a0 \u00a0 \u00a0 \u00a0 \u00a0 \u00a0 \u00a0 \u00a0 \u00a0 \u00a0 \u00a0 \u00a0 \u00a0 \u00a0 \u00a0 \u00a0 \u00a0 \u00a0 \u00a0 \u00a0 \u00a0 \u00a0 \u00a0<\/li>\n\n\n\n<li>Au sein d&rsquo;\u00e9tablissements scolaires avec une ou plusieurs classes\u00a0 \u00a0 \u00a0 \u00a0 \u00a0 \u00a0 \u00a0 \u00a0 \u00a0 \u00a0 \u00a0 \u00a0 \u00a0 \u00a0 \u00a0 \u00a0 \u00a0 \u00a0 \u00a0 \u00a0 \u00a0 \u00a0 \u00a0 \u00a0 \u00a0 \u00a0 \u00a0 \u00a0 \u00a0 \u00a0 \u00a0 \u00a0<\/li>\n\n\n\n<li>En p\u00e9riodes de vacances scolaires dans divers lieux partenaires\u00a0 \u00a0 \u00a0 \u00a0 \u00a0 \u00a0 \u00a0 \u00a0 \u00a0 \u00a0 \u00a0 \u00a0 \u00a0 \u00a0 \u00a0 \u00a0 \u00a0 \u00a0 \u00a0 \u00a0 \u00a0 \u00a0 \u00a0 \u00a0 \u00a0 \u00a0 \u00a0 \u00a0 \u00a0 \u00a0 \u00a0 \u00a0 \u00a0<\/li>\n\n\n\n<li>Nous participons aussi \u00e0 l&rsquo;animation de stages pour adultes et des interventions plus ponctuelles en parall\u00e8le \u00e0 d&rsquo;autres stages sur des th\u00e9matiques diff\u00e9rentes.<\/li>\n<\/ul>\n\n\n\n<p>Nous proposons \u00e9galement des stages d&rsquo;\u00e9veil musical pour tous les \u00e2ges \u00e0 la d\u00e9couverte de diff\u00e9rents instruments du monde, d&rsquo;histoires li\u00e9es \u00e0 la musique, de rythmes jou\u00e9s avec le corps, de chants. L&rsquo;objectif \u00e9tant de faire d\u00e9couvrir le monde de la musique de la mani\u00e8re la plus ludique possible, et de se emporter par le voyage.<\/p>\n\n\n\n<p>Nous travaillons entre autre avec en Belgique : le Collectif Auquai \u00e0 Molenbeek,\u00a0 la Maison de la Solidarit\u00e9 \u00e0 Ixelles, F\u00e9dasil, l&rsquo;\u00e9space des quatres saison \u00e0 wolluwe, l&rsquo;Ecole de Cirque de Bruxelles, Amadeo Kollectif , Clowns sans fronti\u00e8res, Vacances vivantes, le ch\u00e2teau d&rsquo;Insegotte, le g\u00eete d&rsquo;\u00e9tape de Rochefort et en France : la mairie de Peillon (06), de Saorge (06), Burzet (07), Chirols (07), Saint Jean Du Gard (30) et B\u00e9darieux (34). <\/p>\n","protected":false},"excerpt":{"rendered":"<p>Nous proposons diff\u00e9rentes formules de stages, afin de pouvoir s&rsquo;adapter aux mieux \u00e0 vos attentes.&#8230;<\/p>\n<div class=\"more-link-wrapper\"><a class=\"more-link\" href=\"https:\/\/animacirque.com\/index.php\/stages\/\">Read the post<span class=\"screen-reader-text\">Stages<\/span><\/a><\/div>\n","protected":false},"author":2,"featured_media":51,"parent":0,"menu_order":0,"comment_status":"closed","ping_status":"closed","template":"","meta":{"footnotes":""},"class_list":["post-18","page","type-page","status-publish","has-post-thumbnail","hentry","excerpt","zoom","full-without-featured","even","excerpt-0"],"_links":{"self":[{"href":"https:\/\/animacirque.com\/index.php\/wp-json\/wp\/v2\/pages\/18","targetHints":{"allow":["GET"]}}],"collection":[{"href":"https:\/\/animacirque.com\/index.php\/wp-json\/wp\/v2\/pages"}],"about":[{"href":"https:\/\/animacirque.com\/index.php\/wp-json\/wp\/v2\/types\/page"}],"author":[{"embeddable":true,"href":"https:\/\/animacirque.com\/index.php\/wp-json\/wp\/v2\/users\/2"}],"replies":[{"embeddable":true,"href":"https:\/\/animacirque.com\/index.php\/wp-json\/wp\/v2\/comments?post=18"}],"version-history":[{"count":5,"href":"https:\/\/animacirque.com\/index.php\/wp-json\/wp\/v2\/pages\/18\/revisions"}],"predecessor-version":[{"id":494,"href":"https:\/\/animacirque.com\/index.php\/wp-json\/wp\/v2\/pages\/18\/revisions\/494"}],"wp:featuredmedia":[{"embeddable":true,"href":"https:\/\/animacirque.com\/index.php\/wp-json\/wp\/v2\/media\/51"}],"wp:attachment":[{"href":"https:\/\/animacirque.com\/index.php\/wp-json\/wp\/v2\/media?parent=18"}],"curies":[{"name":"wp","href":"https:\/\/api.w.org\/{rel}","templated":true}]}}